{"id":1203,"date":"2026-01-26T17:13:44","date_gmt":"2026-01-26T16:13:44","guid":{"rendered":"https:\/\/messe-veranstaltungstechnik.de\/datenschutzerklaerung\/"},"modified":"2026-03-31T10:18:37","modified_gmt":"2026-03-31T08:18:37","slug":"datenschutzerklaerung","status":"publish","type":"page","link":"https:\/\/messe-veranstaltungstechnik.de\/en\/datenschutzerklaerung\/","title":{"rendered":"Privacy policy"},"content":{"rendered":"<div data-elementor-type=\"wp-page\" data-elementor-id=\"1203\" class=\"elementor elementor-1203\" data-elementor-post-type=\"page\">\n\t\t\t\t<div class=\"elementor-element elementor-element-2d1f275 e-flex e-con-boxed e-con e-parent\" data-id=\"2d1f275\" data-element_type=\"container\" data-settings=\"{&quot;background_background&quot;:&quot;classic&quot;}\">\n\t\t\t\t\t<div class=\"e-con-inner\">\n\t\t\t\t<div class=\"elementor-element elementor-element-e1ee280 elementor-widget elementor-widget-heading\" data-id=\"e1ee280\" data-element_type=\"widget\" data-widget_type=\"heading.default\">\n\t\t\t\t<div class=\"elementor-widget-container\">\n\t\t\t\t\t<h2 class=\"elementor-heading-title elementor-size-default\">Privacy policy\n<\/h2>\t\t\t\t<\/div>\n\t\t\t\t<\/div>\n\t\t\t\t\t<\/div>\n\t\t\t\t<\/div>\n\t\t\t\t<section class=\"elementor-section elementor-top-section elementor-element elementor-element-d28248a elementor-section-boxed elementor-section-height-default elementor-section-height-default\" data-id=\"d28248a\" data-element_type=\"section\">\n\t\t\t\t\t\t<div class=\"elementor-container elementor-column-gap-default\">\n\t\t\t\t\t<div class=\"elementor-column elementor-col-100 elementor-top-column elementor-element elementor-element-7548a7e\" data-id=\"7548a7e\" data-element_type=\"column\">\n\t\t\t<div class=\"elementor-widget-wrap elementor-element-populated\">\n\t\t\t\t\t\t<section class=\"elementor-section elementor-inner-section elementor-element elementor-element-9e55be0 elementor-section-boxed elementor-section-height-default elementor-section-height-default\" data-id=\"9e55be0\" data-element_type=\"section\">\n\t\t\t\t\t\t<div class=\"elementor-container elementor-column-gap-default\">\n\t\t\t\t\t<div class=\"elementor-column elementor-col-100 elementor-inner-column elementor-element elementor-element-2f98cff\" data-id=\"2f98cff\" data-element_type=\"column\">\n\t\t\t<div class=\"elementor-widget-wrap elementor-element-populated\">\n\t\t\t\t\t\t<div class=\"elementor-element elementor-element-0b27b54 elementor-widget elementor-widget-text-editor\" data-id=\"0b27b54\" data-element_type=\"widget\" data-widget_type=\"text-editor.default\">\n\t\t\t\t<div class=\"elementor-widget-container\">\n\t\t\t\t\t\t\t\t\t<p><b>Responsible<\/b><\/p>\n<p><b><br><\/b><\/p>\n<p>BMUsik Veranstaltungstechnik GmbH &amp; co. KG<br>Sportflieger Stra\u00dfe 6<br>12487 Berlin, Germany<\/p>\n<p><br><\/p>\n<p>Trade register no: HRA 47802 B<\/p>\n<p><br>Director: Robert Schlegel, Jean Wuthe<\/p>\n<p><br>Phone: 030 \u2013 536 0722-0<br>E-Mail: info@bmu-vt.de<\/p>\n<p><br><\/p>\n<p>Data protection officer<br>E-Mail: datenschutz@bmu-vt.de<\/p>\n<p><br><\/p>\n<p>Date: March 2023<\/p>\n<p><br><\/p>\n<p>1<b>. General information on data processing and legal basis<\/b><\/p>\n<p><b><br><\/b><\/p>\n<p>1.1 This privacy statement explains the type, scope and purpose of the processing of personal data in connection with our online offer and the associated websites, functions and content (hereinafter jointly referred to as &#034;Website&#034; or &#034;online offer&#034;). It shall apply regardless of the Domain, the System, the platform or the device (e.g. Desktop, Tablet, Smartphone).<\/p><p><br><\/p>\n<p>1.2 For the use of terms such as &#034;personal data&#034; or &#034;processing&#034; shall apply the definitions of article 4 data protection basic regulation (DSGVO).<\/p><p><br><\/p>\n<p>1.3 Within the online offer, we process, in particular inventory data (e.g. names, addresses of customers), usage data (e.g., pages visited, product interests), and content data (e.g., content of contact forms).<\/p><p><br><\/p>\n<p>1.4 &#034;user&#034; includes all of the data subjects \u2013 in particular, business partners, customers, interested parties and other visitors to our site. The terms are to be understood gender-neutral.<\/p><p><br><\/p>\n<p>1.5. Personal data shall be processed solely in the context of the relevant data protection regulations. This happens only if a legal permission exists \u2013 for example, when the processing for the fulfilment of contractual obligations and the provision of our Online Services is required, by law, is required to consent or in order to safeguard our legitimate interests is carried out (e.g., Advertising analysis, optimization, and economic operation and security of the online offer, including range measurement, profiling and marketing purposes, collection of access data and use of third party services) in accordance with art. 6, Para. 1 lit. f DSGVO.<\/p><p><br><\/p>\n<p>1.6 legal basics at a Glance: consent based on article 6 Para. 1 lit. a and article 7 DSGVO; processing for the performance of the contract and the implementation of pre-contractual measures, art. 6, Para. 1 lit. b DSGVO; processing for the fulfilment of legal obligations on the art. 6, Para. 1 lit. c DSGVO; - processing to safeguard legitimate interests on the art. 6, Para. 1 lit. f DSGVO.<\/p>\n<p><br><\/p><p>2. <b>Security measures<\/b><\/p><p><b><br><\/b><\/p>\n<p>2.1 We use organizational, contractual and technical measures according to the state-of-the-art, in order to ensure compliance with data protection laws and to protect the data we process against accidental or intentional Manipulation, loss, destruction, or unauthorized access.<\/p><p><br><\/p>\n<p>2.2 in particular, the encrypted data transfer between your Browser and our Server.<\/p><p><br><\/p>\n<p>3. <b>Disclosure of data to third parties and third-party<\/b><\/p><p><b><br><\/b><\/p>\n<p>3.1 A Transfer to third parties takes place exclusively within the framework of the statutory provisions. We give users data, for example, then, if this is to fulfil the contract in accordance with art. 6, Para. 1 lit. b DSGVO is required, or if one of our legitimate interests I. S. v. art. 6, Para. 1 lit. f DSGVO (economic and efficient business operation) to speak.<\/p><p><br><\/p>\n<p>3.2, we use sub-contractors, we will take appropriate legal, technical and organizational measures to ensure that personal data are protected in accordance with legal requirements.<\/p><p><br><\/p>\n<p>3.3 Are used in this Declaration, Tools, content or services from other providers (&#034;third party providers&#034;) whose registered office is located in a third country may take place a data transfer in this country. Third countries are countries outside of the EU \/ EEA, in which the DSGVO is not directly applicable. A Transmission is performed only in the case of a reasonable level of data protection, on the Basis of a consent or other legal permission.<\/p><p><br><\/p>\n<p>4<b>. Contractual Services<\/b><\/p><p><b><br><\/b><\/p>\n<p>4.1 For the fulfillment of contractual obligations and services we process inventory data (e.g. names, addresses, contact information), contract data (e.g. services used, contact persons, payment information) in accordance with art. 6, Para. 1 lit. b DSGVO.<\/p><p><br><\/p>\n<p>4.2 When using our Online services, we save the IP address and the time of the respective user action. This is done on the basis of our, and of user interests in the protection against misuse and unauthorised use. A passing on to third parties takes place only in the case of legal obligation (art. 6, Para. 1 lit. c DSGVO), or to enforce our claims.<\/p><p><br><\/p>\n<p>4.3 usage data (e.g., pages visited, product interests) and content data (e.g. entries in the contact form or user profile) we can process to advertising in a user profile for the purposes of, for example, already used the services coordinated product show notes.<\/p><p><br><\/p>\n<p>5<b>. Contact<\/b><\/p><p><b><br><\/b><\/p>\n<p>5.1 When you contact us (e.g. by E-Mail or contact form), we process the data of the user for the processing and handling of the request in accordance with art. 6, Para. 1 lit. b DSGVO.<\/p><p><br><\/p>\n<p>5.2 requests can be stored in our Customer Relationship Management System (&#034;CRM&#034;) or in a comparable process management.<\/p><p><br><\/p>\n<p>5.3 We will use the CRM-System &#034;Epirent&#034; the EPI Development Frank Juling, Langhansstr. 63, 13086 Berlin, on the basis of our legitimate interests in a speedy and efficient processing of requests. With Epirent standard contractual clauses, the rules on the processing of exclusively according to our instructions and in compliance with the EU level of data protection are in place.<\/p><p><br><\/p>\n<p>5.4 F\u00fcr die Online-Terminvergabe setzen wir \u201eCalendly\u201c (Calendly, LLC, BB&amp;T Tower, 271 17th St NW, Atlanta, GA 30363, USA) ein. Erhoben werden \u2013 je nach Terminart \u2013 Vor- und Nachname sowie E-Mail-Adresse und ggf. Telefonnummer (Art. 6 Abs. 1 lit. b DSGVO). Zus\u00e4tzlich st\u00fctzen wir die Verarbeitung auf Art. 6 Abs. 1 lit. f DSGVO (berechtigtes Interesse an effizientem Kundenmanagement). Nach Durchf\u00fchrung bzw. Ablauf des Termins l\u00f6scht Calendly die Daten. Ein Auftragsverarbeitungsvertrag (Data Processing Addendum: https:\/\/calendly.com\/pages\/dpa<br>) liegt vor. Calendly kann Daten au\u00dferhalb des EWR \u00fcbermitteln und beruft sich dabei auf Standarddatenschutzklauseln. Details: https:\/\/calendly.com\/de\/pages\/privacy<\/p><p><br><\/p>\n<p>5.5 In the context of contacting us we process personal data solely to reply to your concern, and only to the extent necessary. The legal basis is article 6 Para. 1 lit. f DSGVO (legitimate interest). Aim your request to a contract is in addition to article 6 Para. 1 lit. b DSGVO. The deletion occurs once the matter is finally resolved and any obligations.<\/p>\n<p><br><\/p><p><br><\/p>\n<p>5.6 On our Website Live Chat (incl stands. Chatbot) for real-time communication. During business hours, employees are answers at the end; otherwise, accept the Chatbot and the concern for future personal feedback (Human Handover by E-Mail\/phone) to record. Will be processed:<\/p><p><br><\/p>\n<p>Name<\/p>\n<p>E-Mail Address<\/p>\n<p>Phone number<\/p>\n<p>Chat-Input<\/p>\n<p>Usage data (e.g., chat duration, number of interactions)<\/p><p><br><\/p>\n<p>5.7 communication with the Chatbot keep your information first, pseudonymous. At the point of Delivery to our Team, the chat will be assigned to the course of a Person. Pseudonymous or anonymous data we use to improve functionality and for statistical purposes. (To text the quality, we use a variety of formulations and synonyms; be plagiarism avoided.)<\/p><p><br><\/p>\n<p>5.8 The legal basis depends on the purpose: For (-) - contractual communication art. 6, Para. 1 S. 1 lit. b DSGVO; in the Rest of the art. 6, Para. 1 S. 1 lit. f DSGVO (interest of easier communication and optimization). Data from Live Chat\/Chatbot will be usually deleted after a week, unless they are no longer needed for the purposes mentioned; then we will delete it immediately after the cessation of the Purpose.<\/p><p><br><\/p>\n<p>5.9 Please send in the Chat no sensitive data (e.g., information relating to health, disability, Religion). Such information should be received nevertheless, we will delete it immediately.<\/p>\n<p>Als technischer Dienstleister wird insbesondere die Sendinblue GmbH, K\u00f6penicker Stra\u00dfe 126, 10179 Berlin, als Auftragsverarbeiter weisungs- und zweckgebunden t\u00e4tig. Eine Speicherung kann auf Servern in Frankfurt (Deutschland) erfolgen. Informationen zur DSGVO-Compliance von Sendinblue: https:\/\/help.sendinblue.com\/hc\/de\/categories\/360000229110-<\/p><p><br><\/p>\n<p>6<b>. Comments and contributions<\/b><\/p><p><b><br><\/b><\/p>\n<p>6.1 user comments\/posts, we will of course save on the basis of article 6 Para. 1 lit. f DSGVO the IP address for 7 days.<\/p>\n<p><br><\/p><p>6.2 This is for our protection, if the contents are illegal (e.g., insults, forbidden Propaganda). In such cases, we can even claim to have a legitimate interest in the determination of the author.<\/p>\n<p><br><\/p><p>7. <b>Data access and Server log files<\/b><\/p>\n<p><br><\/p><p>7.1 On the Basis of article 6 Para. 1 lit. f DSGVO, we record every access to the server so-called log files: Name of the accessed page, file, date\/time, data volume, message of successful retrieval, browser type\/version, operating system, Referrer URL, IP address, request of the Provider.<\/p>\n<p><br><\/p><p>7.2 log files for safety reasons (e.g. for the investigation of abuse\/Fraud) stored for a maximum of seven days and then deleted. The data that are needed as evidence, to stay until the final clarification of the incident is saved.<\/p>\n<p><br><\/p><p>8<b>. Cookies &amp; Reach Measurement<\/b><\/p>\n<p><br><\/p><p>8.1 Cookies are information transmitted by our, or a third party web server to the Browser of the user, and there for later retrieval stores (small data files or similar storage technologies).<\/p>\n<p><br><\/p><p>8.2 the use of Cookies on pseudonymous range measurement we inform you in this Declaration.<\/p>\n<p><br><\/p><p>8.3 users can disable the storage of Cookies in the browser settings and already stored Cookies deleted. This may restrict the functionality of the Website.<\/p>\n<p><br><\/p><p>8.4 The use of Cookies and advertising purposes can be rejected inter alia on the following pages:<br>http:\/\/optout.networkadvertising.org\/<br>| http:\/\/www.aboutads.info\/choices<br>| http:\/\/www.youronlinechoices.com\/uk\/your-ad-choices\/<\/p>\n<p><br><\/p><p>9.<b> Google Analytics<\/b><\/p>\n<p><br><\/p><p>9.1 If you have consented, we may use Google Analytics (Google Ireland Limited) in the operating mode &#034;Universal Analytics&#034;, sessions and interactions pseudonymous User IDs to across all your devices.<\/p>\n<p><br><\/p><p>9.2 Google Analytics setzt Cookies, die eine Analyse der Websitenutzung erm\u00f6glichen. Die durch das Cookie erzeugten Informationen werden regelm\u00e4\u00dfig auf Servern in den USA gespeichert. Ist die IP-Anonymisierung aktiviert, wird die IP-Adresse innerhalb der EU\/EWR vorab gek\u00fcrzt. Auf dieser Website ist IP-Masking implementiert. Eine Zusammenf\u00fchrung der IP-Adresse mit anderen Google-Daten findet nicht statt. Nutzungsbedingungen\/Datenschutz: https:\/\/www.google.com\/analytics\/terms\/de.html<br>und https:\/\/policies.google.com\/?hl=de<\/p>\n<p><br><\/p><p>9.3 purpose of the processing on behalf of the website operator: evaluation of the use of the website, compiling Reports, and providing other with Website and Internet usage-related services.<\/p>\n<p><br><\/p><p>9.4 legal basis: your consent in accordance with art. 6, Para. 1 S. 1 lit. a DSGVO.<\/p>\n<p><br><\/p><p>9.5 Receiver: Google.<\/p>\n<p><br><\/p><p>9.6 country transmission: Transmission in the United States in accordance with the EU-US Privacy Shield\/adequacy decision (certificate available) in Third.<\/p>\n<p><br><\/p><p>9.7 memory-duration: With Cookies, User IDs or advertising IDs associated data will be deleted after 14 months. The deletion occurs on a monthly basis automatically.<\/p>\n<p><br><\/p><p>9.8 revocation: you may revoke your consent at any time with effect for the future, for example, by preventing the Cookie storage in your Browser (with limited functionality).<\/p>\n<p><br><\/p><p>9.9 in Addition, you can prevent the collection and processing by installing the Browser Add-on. Opt-Out Cookies prevent the future collection in this Website. For cross-device Opt-Out of the procedure is to be repeated on all of the systems used to. Opt-out: &#034;disable Google Analytics&#034;.<\/p>\n<p><br><\/p><p>1<b>0. Google-Re\/Marketing-Services<\/b><\/p>\n<p><br><\/p><p>10.1 On the basis of our legitimate interests (analysis, optimization, and economic operation; art. 6, Para. 1 lit. f DSGVO) we use the Marketing and Remarketing services is the Google Inc., 1600 Amphitheatre Parkway, Mountain View, CA 94043, USA.<\/p>\n<p><br><\/p><p>10.2 Google ist nach dem Privacy-Shield-Abkommen zertifiziert (https:\/\/www.privacyshield.gov\/participant?id=a2zt000000001L5AAI&amp;status=Active<br>).<\/p>\n<p><br><\/p><p>10.3 The services may enable interest-based advertising (&#034;Remarketing&#034;). For this purpose, Google uses to call the corresponding pages of Code and (Re)marketing Tags; it is Cookies or similar technologies will be saved. Be recognised, inter alia, pages visited, interests, clicks, Browser\/OS information, Referrer, time, usage details, IP addresses (in the case of Analytics is typically reduced). Merge with other Google data can take place. On later Visits of other web sites users may appear to be tailored advertising to you.<\/p>\n<p><br><\/p><p>10.4 processing is a pseudonym; Google leads to the View not of a specific Person, but a Cookie-holders (unless the user has explicitly permitted to do any other processing). The information is transmitted to a Server in the USA and stored there.<\/p>\n<p><br><\/p><p>10.5 &#034;Google Ads&#034; (Conversion Tracking): Each Ads customer receives a separate Conversion Cookie. From the data, only aggregate Conversion creates statistics to identify individual users is not possible.<\/p>\n<p><br><\/p><p>10.6 &#034;DoubleClick&#034; can be used for the delivery of third-party Ads (Cookie-based on sites you visit).<\/p>\n<p><br><\/p><p>10.7 &#034;AdSense&#034; can be used for the connection of third-party ads (Cookie-based on web usage).<\/p>\n<p><br><\/p><p>10.8 &#034;Google Optimizer&#034; can be used for A\/B Tests; for this purpose, Cookies are set with pseudonymous data.<\/p>\n<p><br><\/p><p>10.9 The &#034;Google Tag Manager&#034; is used for the integration and management of the above-mentioned analysis-\/Marketing services.<\/p>\n<p><br><\/p><p>10.10 Weiterf\u00fchrende Informationen zur Datennutzung f\u00fcr Marketingzwecke: https:\/\/www.google.com\/policies\/technologies\/ads<br>\u2013 Datenschutz von Google: https:\/\/www.google.com\/policies\/privacy<\/p>\n<p><br><\/p><p>10.11 Widerspruch gegen interessenbasierte Werbung: http:\/\/www.google.com\/ads\/preferences<\/p>\n<p><br><\/p><p>1<b>1. Newsletter<\/b><\/p>\n<p><br><\/p><p>11.1 the Following we inform about the content, registration, shipping, statistical analysis, and options to object to our Newsletter. With your registration you agree to the procedures described.<\/p>\n<p><br><\/p><p>11.2 We send out newsletters (E-Mails and other electronic notifications) with promotional information only with consent or legal permission. As far as the contents are described in the application, they are decisive; in the Rest of the Newsletter, inform them about products, offers, promotions and our company.<\/p>\n<p><br><\/p><p>11.3 Registration Process: Double Opt-In. After registration, you will receive a confirmation E-Mail. The process is documented proof (sign-up\/confirmation date, IP address, as well as Changes to the shipping service provider data stored).<\/p>\n<p><br><\/p><p>11.4 Versanddienstleister: Newsletter2Go (Newsletter2Go GmbH). Eine Weitergabe oder der Verkauf Ihrer Daten f\u00fcr andere Zwecke als den Newsletterversand ist untersagt. Newsletter2Go ist ein deutscher, zertifizierter Anbieter, ausgew\u00e4hlt nach DSGVO\/BDSG-Anforderungen. Infos: https:\/\/www.newsletter2go.de\/informationen-newsletter-empfaenger\/<\/p>\n<p><br><\/p><p>11.5 The shipping service provider can use the data in pseudonymous Form for the improvement of their own Services (e.g., technical optimization, statistics by country of origin), but not for our own Advertising purposes, or passed on to third parties.<\/p>\n<p><br><\/p><p>11.6 For the application complies with your E-Mail address; optionally, you can specify its name for the personal approach.<\/p>\n<p><br><\/p><p>11.7 statistics: Our newsletters contain a &#034;Web Beacon&#034; (pixels) that will be loaded when you Open it from the Server of the Shipping service. Are recognized in the technical data (Browser, System, IP, time), as well as Openings and Link clicks. The evaluations serve to optimize content and presentation; an observation of individual users, it is intended neither we nor the service providers.<\/p>\n<p><br><\/p><p>11.8 use of the shipping service provider, statistics, and logging is based on article 6 Para. 1 lit. f DSGVO (interest in a user-friendly and secure newsletter system, in accordance with the expectations of the users).<\/p>\n<p><br><\/p><p>11.9 cancellation\/revocation: you can unsubscribe from the Newsletter at any time; thus invalidate consent in shipping, statistics, and logging. A separate revocation of the individual parts is not possible. The unsubscribe link at the end of each newsletter. After deregistration, we delete your personal data, insofar as they have been processed exclusively for the Newsletter.<\/p>\n<p><br><\/p><p>12<b>. Integration of content and third-party services<\/b><\/p>\n<p><br><\/p><p>12.1 To display external content\/Services (e.g., Videos, fonts), we are on the basis of article 6 Para. 1 lit. f DSGVO a third-party. Their use requires regularly, the processing of IP address, because without the delivery to the Browser. In part, Pixel Tags\/Web Beacons, for statistical or marketing purposes are used. In Cookies pseudonymous information to the Browser\/OS, Referrer, visit times, and use our online services, can be saved and, if necessary, with data from other sources to be linked.<\/p>\n<p><br><\/p><p>12.2 Embedded third-party incl. Privacy policy and Opt-Out options:<\/p>\n<p><br><\/p><p>Google Fonts (Google Inc.): https:\/\/www.google.com\/policies\/privacy\/<br>| Opt-Out: https:\/\/www.google.com\/settings\/ads\/<\/p>\n<p>Google Maps (Google Inc.): https:\/\/www.google.com\/policies\/privacy\/<br>| Opt-Out: https:\/\/www.google.com\/settings\/ads\/<\/p>\n<p>YouTube (Google Inc.): https:\/\/www.google.com\/policies\/privacy\/<br>| Opt-Out: https:\/\/www.google.com\/settings\/ads\/<\/p>\n<p>jQuery (jQuery Foundation): https:\/\/jquery.org<\/p>\n<p><br><\/p><p>1<b>3. Rights of users<\/b><\/p>\n<p><br><\/p><p>13.1 you have the right to receive information free of charge about the personal data stored by us.<\/p>\n<p><br><\/p><p>13.2 you Also have \u2013 if applicable \u2013 the right to correction of incorrect data, restriction of processing, Erasure, data portability and the right to complain to the competent Supervisory authority.<\/p>\n<p><br><\/p><p>13.3 consent at any time with effect for the future.<\/p>\n<p><br><\/p><p>1<b>4. Deletion of data<\/b><\/p>\n<p><br><\/p><p>14.1 We will not delete the data as soon as they are necessary for the respective purpose and no legal storage obligations to the contrary. Otherwise, we will restrict the processing (blocking).<\/p>\n<p><br><\/p><p>14.2 the Legal retention period: 6 years according to \u00a7 257 Abs. 1 HGB (including trade letters, accounting documents), and 10 years according to \u00a7 147 Para. 1 AO (including books, records, documents related to taxes).<\/p>\n<p><br><\/p><p>1<b>5. Right of objection<\/b><\/p>\n<p><br><\/p><p>You can object to the future processing of your personal data at any time, in accordance with the statutory requirements, in particular to the processing for direct marketing purposes.<\/p>\n<p><br><\/p><p>1<b>6. Changes to this privacy statement<\/b><\/p><p><br><\/p><p>16.1 We reserve the right to adapt this privacy statement, such as in the case of a changed legal situation or Changes to our services\/data processing. This concerns only the descriptions of the data processing. To the extent that the consent or contractual regulations, Changes only with your consent.<\/p>\n<p><br><\/p><p>16.2 Please inform yourself regularly about the current content of this privacy policy.<\/p>\t\t\t\t\t\t\t\t<\/div>\n\t\t\t\t<\/div>\n\t\t\t\t\t<\/div>\n\t\t<\/div>\n\t\t\t\t\t<\/div>\n\t\t<\/section>\n\t\t\t\t\t<\/div>\n\t\t<\/div>\n\t\t\t\t\t<\/div>\n\t\t<\/section>\n\t\t\t\t<\/div>","protected":false},"excerpt":{"rendered":"<p>Datenschutzerkl\u00e4rung Verantwortlicher BMUsik Veranstaltungstechnik GmbH &amp; Co. KGSportfliegerstra\u00dfe 612487 Berlin, Deutschland Handelsregister\/Nr.: HRA 47802 B Gesch\u00e4ftsf\u00fchrer: Robert Schlegel, Jean Wuthe Telefon: 030 \u2013 536 0722-0E-Mail: info@bmu-vt.de DatenschutzbeauftragterE-Mail: datenschutz@bmu-vt.de Stand: M\u00e4rz 2023 1. Allgemeine Hinweise zur Datenverarbeitung und Rechtsgrundlagen 1.1 Diese Datenschutzerkl\u00e4rung erl\u00e4utert Art, Umfang und Zwecke der Verarbeitung personenbezogener Daten im Zusammenhang mit unserem Onlineangebot [&hellip;]<\/p>","protected":false},"author":1,"featured_media":0,"parent":0,"menu_order":0,"comment_status":"closed","ping_status":"closed","template":"elementor_header_footer","meta":{"footnotes":""},"class_list":["post-1203","page","type-page","status-publish","hentry"],"_links":{"self":[{"href":"https:\/\/messe-veranstaltungstechnik.de\/en\/wp-json\/wp\/v2\/pages\/1203","targetHints":{"allow":["GET"]}}],"collection":[{"href":"https:\/\/messe-veranstaltungstechnik.de\/en\/wp-json\/wp\/v2\/pages"}],"about":[{"href":"https:\/\/messe-veranstaltungstechnik.de\/en\/wp-json\/wp\/v2\/types\/page"}],"author":[{"embeddable":true,"href":"https:\/\/messe-veranstaltungstechnik.de\/en\/wp-json\/wp\/v2\/users\/1"}],"replies":[{"embeddable":true,"href":"https:\/\/messe-veranstaltungstechnik.de\/en\/wp-json\/wp\/v2\/comments?post=1203"}],"version-history":[{"count":7,"href":"https:\/\/messe-veranstaltungstechnik.de\/en\/wp-json\/wp\/v2\/pages\/1203\/revisions"}],"predecessor-version":[{"id":1821,"href":"https:\/\/messe-veranstaltungstechnik.de\/en\/wp-json\/wp\/v2\/pages\/1203\/revisions\/1821"}],"wp:attachment":[{"href":"https:\/\/messe-veranstaltungstechnik.de\/en\/wp-json\/wp\/v2\/media?parent=1203"}],"curies":[{"name":"wp","href":"https:\/\/api.w.org\/{rel}","templated":true}]}}