{"id":1380,"date":"2026-02-09T15:45:24","date_gmt":"2026-02-09T14:45:24","guid":{"rendered":"https:\/\/messe-veranstaltungstechnik.de\/?page_id=1380"},"modified":"2026-03-13T13:03:47","modified_gmt":"2026-03-13T12:03:47","slug":"start","status":"publish","type":"page","link":"https:\/\/messe-veranstaltungstechnik.de\/en\/","title":{"rendered":"Start"},"content":{"rendered":"<div data-elementor-type=\"wp-page\" data-elementor-id=\"1380\" class=\"elementor elementor-1380\" data-elementor-post-type=\"page\">\n\t\t\t\t<div class=\"elementor-element elementor-element-98a43a3 e-con-full elementor-hidden-mobile e-flex e-con e-parent\" data-id=\"98a43a3\" data-element_type=\"container\" data-settings=\"{&quot;background_background&quot;:&quot;video&quot;,&quot;background_video_link&quot;:&quot;https:\\\/\\\/www.youtube.com\\\/watch?v=HEpnom7cDSE&amp;pp=ygUQZm9mIG1lc3NlIHRlYXNlcg%3D%3D&quot;,&quot;background_video_start&quot;:10,&quot;background_video_end&quot;:100}\">\n\t\t<div class=\"elementor-background-video-container elementor-hidden-mobile\">\n\t\t\t\t\t\t\t<div class=\"elementor-background-video-embed\"><\/div>\n\t\t\t\t\t\t<\/div>\t\t<div class=\"elementor-element elementor-element-300a652 elementor-widget elementor-widget-heading\" data-id=\"300a652\" data-element_type=\"widget\" data-widget_type=\"heading.default\">\n\t\t\t\t<div class=\"elementor-widget-container\">\n\t\t\t\t\t<h2 class=\"elementor-heading-title elementor-size-default\">Make your trade fair booth <br>a real eye-catcher!<\/h2>\t\t\t\t<\/div>\n\t\t\t\t<\/div>\n\t\t\t\t<div class=\"elementor-element elementor-element-f4943dd elementor-widget elementor-widget-heading\" data-id=\"f4943dd\" data-element_type=\"widget\" data-widget_type=\"heading.default\">\n\t\t\t\t<div class=\"elementor-widget-container\">\n\t\t\t\t\t<h2 class=\"elementor-heading-title elementor-size-default\">fast, flexible and professional<\/h2>\t\t\t\t<\/div>\n\t\t\t\t<\/div>\n\t\t\t\t<\/div>\n\t\t<div class=\"elementor-element elementor-element-bbf5758 e-con-full elementor-hidden-desktop e-flex e-con e-parent\" data-id=\"bbf5758\" data-element_type=\"container\" data-settings=\"{&quot;background_background&quot;:&quot;slideshow&quot;,&quot;background_slideshow_gallery&quot;:[{&quot;id&quot;:1558,&quot;url&quot;:&quot;https:\\\/\\\/messe-veranstaltungstechnik.de\\\/wp-content\\\/uploads\\\/2026\\\/03\\\/P6190568-bearbeitet-scaled.jpg&quot;}],&quot;background_slideshow_loop&quot;:&quot;yes&quot;,&quot;background_slideshow_slide_duration&quot;:5000,&quot;background_slideshow_slide_transition&quot;:&quot;fade&quot;,&quot;background_slideshow_transition_duration&quot;:500}\">\n\t\t\t\t<div class=\"elementor-element elementor-element-8398cb8 elementor-widget elementor-widget-heading\" data-id=\"8398cb8\" data-element_type=\"widget\" data-widget_type=\"heading.default\">\n\t\t\t\t<div class=\"elementor-widget-container\">\n\t\t\t\t\t<h2 class=\"elementor-heading-title elementor-size-default\">Make your trade fair booth <br>a real eye-catcher!<\/h2>\t\t\t\t<\/div>\n\t\t\t\t<\/div>\n\t\t\t\t<div class=\"elementor-element elementor-element-40e66f0 elementor-widget elementor-widget-heading\" data-id=\"40e66f0\" data-element_type=\"widget\" data-widget_type=\"heading.default\">\n\t\t\t\t<div class=\"elementor-widget-container\">\n\t\t\t\t\t<h2 class=\"elementor-heading-title elementor-size-default\">fast, flexible and professional<\/h2>\t\t\t\t<\/div>\n\t\t\t\t<\/div>\n\t\t\t\t<\/div>\n\t\t<div class=\"elementor-element elementor-element-2d7ec67 e-con-full e-flex e-con e-parent\" data-id=\"2d7ec67\" data-element_type=\"container\">\n\t\t<div class=\"elementor-element elementor-element-1b752b5 e-con-full e-flex e-con e-child\" data-id=\"1b752b5\" data-element_type=\"container\">\n\t\t\t\t<div class=\"elementor-element elementor-element-40cf838 elementor-widget elementor-widget-heading\" data-id=\"40cf838\" data-element_type=\"widget\" data-widget_type=\"heading.default\">\n\t\t\t\t<div class=\"elementor-widget-container\">\n\t\t\t\t\t<h2 class=\"elementor-heading-title elementor-size-default\">Official Preferred Partner of the <br><\/h2>\t\t\t\t<\/div>\n\t\t\t\t<\/div>\n\t\t\t\t<div class=\"elementor-element elementor-element-78d8550 elementor-widget elementor-widget-heading\" data-id=\"78d8550\" data-element_type=\"widget\" data-widget_type=\"heading.default\">\n\t\t\t\t<div class=\"elementor-widget-container\">\n\t\t\t\t\t<h2 class=\"elementor-heading-title elementor-size-default\">Mary Jane 2026<\/h2>\t\t\t\t<\/div>\n\t\t\t\t<\/div>\n\t\t\t\t<div class=\"elementor-element elementor-element-583acb1 elementor-widget elementor-widget-text-editor\" data-id=\"583acb1\" data-element_type=\"widget\" data-widget_type=\"text-editor.default\">\n\t\t\t\t<div class=\"elementor-widget-container\">\n\t\t\t\t\t\t\t\t\t<p data-start=\"645\" data-end=\"932\">Professional trade show and event technology&nbsp;<br><span style=\"background-color: transparent;\">for exhibitors at the Mary Jane Berlin.<\/span><\/p>\t\t\t\t\t\t\t\t<\/div>\n\t\t\t\t<\/div>\n\t\t\t\t<div class=\"elementor-element elementor-element-37ccd4a elementor-widget elementor-widget-text-editor\" data-id=\"37ccd4a\" data-element_type=\"widget\" data-widget_type=\"text-editor.default\">\n\t\t\t\t<div class=\"elementor-widget-container\">\n\t\t\t\t\t\t\t\t\t<p data-start=\"132\" data-end=\"418\">As <strong data-start=\"136\" data-end=\"204\">Preferred Partner of the <span class=\"hover:entity-accent entity-underline inline cursor-pointer align-baseline\"><span class=\"whitespace-normal\">Mary Jane Berlin<\/span><\/span> 2026<\/strong> we offer specially for this exhibition, tailored technology solutions for exhibitors. From LED Screens, light and sound to Streaming, we provide professional event technology directly to your show.<\/p>\n<p data-start=\"420\" data-end=\"603\">We take care of the planning, delivery and installation on-site \u2013 so that your appearance is to be implemented on the Mary Jane, technically perfect, and you can focus entirely on your visitors.<\/p>\t\t\t\t\t\t\t\t<\/div>\n\t\t\t\t<\/div>\n\t\t\t\t<div class=\"elementor-element elementor-element-36cacb0 elementor-widget elementor-widget-button\" data-id=\"36cacb0\" data-element_type=\"widget\" data-widget_type=\"button.default\">\n\t\t\t\t<div class=\"elementor-widget-container\">\n\t\t\t\t\t\t\t\t\t<div class=\"elementor-button-wrapper\">\n\t\t\t\t\t<a class=\"elementor-button elementor-button-link elementor-size-sm\" href=\"https:\/\/messe-veranstaltungstechnik.de\/en\/shop\/?messe=maryjane2026\">\n\t\t\t\t\t\t<span class=\"elementor-button-content-wrapper\">\n\t\t\t\t\t\t\t\t\t<span class=\"elementor-button-text\">To the Mary Jane tech shop<\/span>\n\t\t\t\t\t<\/span>\n\t\t\t\t\t<\/a>\n\t\t\t\t<\/div>\n\t\t\t\t\t\t\t\t<\/div>\n\t\t\t\t<\/div>\n\t\t\t\t<\/div>\n\t\t<div class=\"elementor-element elementor-element-0ceca9b e-con-full e-flex e-con e-child\" data-id=\"0ceca9b\" data-element_type=\"container\">\n\t\t\t\t<div class=\"elementor-element elementor-element-f426640 elementor-widget elementor-widget-image\" data-id=\"f426640\" data-element_type=\"widget\" data-widget_type=\"image.default\">\n\t\t\t\t<div class=\"elementor-widget-container\">\n\t\t\t\t\t\t\t\t\t\t\t\t\t\t\t<img fetchpriority=\"high\" decoding=\"async\" width=\"512\" height=\"512\" src=\"https:\/\/messe-veranstaltungstechnik.de\/wp-content\/themes\/rehub-theme\/images\/default\/blank.gif\" data-src=\"https:\/\/messe-veranstaltungstechnik.de\/wp-content\/uploads\/2026\/03\/mary-jane2.png\" class=\"lazyload attachment-full size-full wp-image-1495\" alt=\"\" srcset=\"https:\/\/messe-veranstaltungstechnik.de\/wp-content\/uploads\/2026\/03\/mary-jane2.png 512w, https:\/\/messe-veranstaltungstechnik.de\/wp-content\/uploads\/2026\/03\/mary-jane2-300x300.png 300w, https:\/\/messe-veranstaltungstechnik.de\/wp-content\/uploads\/2026\/03\/mary-jane2-1024x1024.png 1024w, https:\/\/messe-veranstaltungstechnik.de\/wp-content\/uploads\/2026\/03\/mary-jane2-150x150.png 150w, https:\/\/messe-veranstaltungstechnik.de\/wp-content\/uploads\/2026\/03\/mary-jane2-768x768.png 768w, https:\/\/messe-veranstaltungstechnik.de\/wp-content\/uploads\/2026\/03\/mary-jane2-1536x1536.png 1536w, https:\/\/messe-veranstaltungstechnik.de\/wp-content\/uploads\/2026\/03\/mary-jane2-2048x2048.png 2048w, https:\/\/messe-veranstaltungstechnik.de\/wp-content\/uploads\/2026\/03\/mary-jane2-788x788.png 788w, https:\/\/messe-veranstaltungstechnik.de\/wp-content\/uploads\/2026\/03\/mary-jane2-600x600.png 600w, https:\/\/messe-veranstaltungstechnik.de\/wp-content\/uploads\/2026\/03\/mary-jane2-100x100.png 100w\" sizes=\"(max-width: 512px) 100vw, 512px\" \/>\t\t\t\t\t\t\t\t\t\t\t\t\t\t\t<\/div>\n\t\t\t\t<\/div>\n\t\t\t\t<\/div>\n\t\t<div class=\"elementor-element elementor-element-4db68d7 e-con-full e-flex e-con e-child\" data-id=\"4db68d7\" data-element_type=\"container\">\n\t\t\t\t<\/div>\n\t\t\t\t<\/div>\n\t\t<div class=\"elementor-element elementor-element-8f0958e e-con-full e-flex e-con e-parent\" data-id=\"8f0958e\" data-element_type=\"container\" data-settings=\"{&quot;background_background&quot;:&quot;classic&quot;}\">\n\t\t\t\t<div class=\"elementor-element elementor-element-f16c6fc elementor-widget elementor-widget-heading\" data-id=\"f16c6fc\" data-element_type=\"widget\" data-widget_type=\"heading.default\">\n\t\t\t\t<div class=\"elementor-widget-container\">\n\t\t\t\t\t<h2 class=\"elementor-heading-title elementor-size-default\">So easy you rent fair-technology<\/h2>\t\t\t\t<\/div>\n\t\t\t\t<\/div>\n\t\t\t\t<\/div>\n\t\t<div class=\"elementor-element elementor-element-f09bc61 e-con-full e-flex e-con e-parent\" data-id=\"f09bc61\" data-element_type=\"container\" data-settings=\"{&quot;background_background&quot;:&quot;slideshow&quot;,&quot;background_slideshow_gallery&quot;:[{&quot;id&quot;:1544,&quot;url&quot;:&quot;https:\\\/\\\/messe-veranstaltungstechnik.de\\\/wp-content\\\/uploads\\\/2026\\\/03\\\/DSC_0876-bearbeitet-scaled.jpg&quot;}],&quot;background_slideshow_loop&quot;:&quot;yes&quot;,&quot;background_slideshow_slide_duration&quot;:5000,&quot;background_slideshow_slide_transition&quot;:&quot;fade&quot;,&quot;background_slideshow_transition_duration&quot;:500}\">\n\t\t<div class=\"elementor-element elementor-element-cf90ad4 e-con-full e-flex e-con e-child\" data-id=\"cf90ad4\" data-element_type=\"container\" data-settings=\"{&quot;background_background&quot;:&quot;slideshow&quot;,&quot;background_slideshow_gallery&quot;:[{&quot;id&quot;:1594,&quot;url&quot;:&quot;https:\\\/\\\/messe-veranstaltungstechnik.de\\\/wp-content\\\/uploads\\\/2026\\\/03\\\/A7401751-2-scaled.jpg&quot;}],&quot;background_slideshow_loop&quot;:&quot;yes&quot;,&quot;background_slideshow_slide_duration&quot;:5000,&quot;background_slideshow_slide_transition&quot;:&quot;fade&quot;,&quot;background_slideshow_transition_duration&quot;:500}\">\n\t\t\t\t<div class=\"elementor-element elementor-element-27ca363 elementor-widget elementor-widget-heading\" data-id=\"27ca363\" data-element_type=\"widget\" data-widget_type=\"heading.default\">\n\t\t\t\t<div class=\"elementor-widget-container\">\n\t\t\t\t\t<h2 class=\"elementor-heading-title elementor-size-default\">Technology select<\/h2>\t\t\t\t<\/div>\n\t\t\t\t<\/div>\n\t\t\t\t<div class=\"elementor-element elementor-element-b3b5f26 elementor-widget elementor-widget-text-editor\" data-id=\"b3b5f26\" data-element_type=\"widget\" data-widget_type=\"text-editor.default\">\n\t\t\t\t<div class=\"elementor-widget-container\">\n\t\t\t\t\t\t\t\t\t<p>In our rental shop you will find a wide selection of event technology of LED walls, light to sound. The matching devices, the status of your mass and your Event to fit select.<\/p>\t\t\t\t\t\t\t\t<\/div>\n\t\t\t\t<\/div>\n\t\t\t\t<\/div>\n\t\t<div class=\"elementor-element elementor-element-31d0889 e-con-full e-flex e-con e-child\" data-id=\"31d0889\" data-element_type=\"container\" data-settings=\"{&quot;background_background&quot;:&quot;slideshow&quot;,&quot;background_slideshow_gallery&quot;:[{&quot;id&quot;:1549,&quot;url&quot;:&quot;https:\\\/\\\/messe-veranstaltungstechnik.de\\\/wp-content\\\/uploads\\\/2026\\\/03\\\/DSC_1009-bearbeitet-scaled.jpg&quot;}],&quot;background_slideshow_loop&quot;:&quot;yes&quot;,&quot;background_slideshow_slide_duration&quot;:5000,&quot;background_slideshow_slide_transition&quot;:&quot;fade&quot;,&quot;background_slideshow_transition_duration&quot;:500}\">\n\t\t\t\t<div class=\"elementor-element elementor-element-675c220 elementor-widget elementor-widget-heading\" data-id=\"675c220\" data-element_type=\"widget\" data-widget_type=\"heading.default\">\n\t\t\t\t<div class=\"elementor-widget-container\">\n\t\t\t\t\t<h2 class=\"elementor-heading-title elementor-size-default\">Send inquiry<\/h2>\t\t\t\t<\/div>\n\t\t\t\t<\/div>\n\t\t\t\t<div class=\"elementor-element elementor-element-1d9bb6f elementor-widget elementor-widget-text-editor\" data-id=\"1d9bb6f\" data-element_type=\"widget\" data-widget_type=\"text-editor.default\">\n\t\t\t\t<div class=\"elementor-widget-container\">\n\t\t\t\t\t\t\t\t\t<p>You have selected your technique, you send us a non-binding request. Give the period and the Details of your exhibition stand and we will get back to us as soon as possible.<\/p>\t\t\t\t\t\t\t\t<\/div>\n\t\t\t\t<\/div>\n\t\t\t\t<\/div>\n\t\t<div class=\"elementor-element elementor-element-2b85106 e-con-full e-flex e-con e-child\" data-id=\"2b85106\" data-element_type=\"container\" data-settings=\"{&quot;background_background&quot;:&quot;slideshow&quot;,&quot;background_slideshow_gallery&quot;:[{&quot;id&quot;:1534,&quot;url&quot;:&quot;https:\\\/\\\/messe-veranstaltungstechnik.de\\\/wp-content\\\/uploads\\\/2026\\\/03\\\/DSC_0526-bearbeitet-scaled.jpg&quot;}],&quot;background_slideshow_loop&quot;:&quot;yes&quot;,&quot;background_slideshow_slide_duration&quot;:5000,&quot;background_slideshow_slide_transition&quot;:&quot;fade&quot;,&quot;background_slideshow_transition_duration&quot;:500}\">\n\t\t\t\t<div class=\"elementor-element elementor-element-7af0838 elementor-widget elementor-widget-heading\" data-id=\"7af0838\" data-element_type=\"widget\" data-widget_type=\"heading.default\">\n\t\t\t\t<div class=\"elementor-widget-container\">\n\t\t\t\t\t<h2 class=\"elementor-heading-title elementor-size-default\">Planning &amp; Delivery<\/h2>\t\t\t\t<\/div>\n\t\t\t\t<\/div>\n\t\t\t\t<div class=\"elementor-element elementor-element-d9569c7 elementor-widget elementor-widget-text-editor\" data-id=\"d9569c7\" data-element_type=\"widget\" data-widget_type=\"text-editor.default\">\n\t\t\t\t<div class=\"elementor-widget-container\">\n\t\t\t\t\t\t\t\t\t<p>After your confirmation we will take care of everything: We plan to have the technical equipment, to vote all of your exhibition and deliver the technology in time at your booth.<\/p>\t\t\t\t\t\t\t\t<\/div>\n\t\t\t\t<\/div>\n\t\t\t\t<\/div>\n\t\t<div class=\"elementor-element elementor-element-1800343 e-con-full e-flex e-con e-child\" data-id=\"1800343\" data-element_type=\"container\" data-settings=\"{&quot;background_background&quot;:&quot;slideshow&quot;,&quot;background_slideshow_gallery&quot;:[{&quot;id&quot;:1531,&quot;url&quot;:&quot;https:\\\/\\\/messe-veranstaltungstechnik.de\\\/wp-content\\\/uploads\\\/2026\\\/03\\\/DSC_0318-bearbeitet-scaled.jpg&quot;}],&quot;background_slideshow_loop&quot;:&quot;yes&quot;,&quot;background_slideshow_slide_duration&quot;:5000,&quot;background_slideshow_slide_transition&quot;:&quot;fade&quot;,&quot;background_slideshow_transition_duration&quot;:500}\">\n\t\t\t\t<div class=\"elementor-element elementor-element-ecdb33f elementor-widget elementor-widget-heading\" data-id=\"ecdb33f\" data-element_type=\"widget\" data-widget_type=\"heading.default\">\n\t\t\t\t<div class=\"elementor-widget-container\">\n\t\t\t\t\t<h2 class=\"elementor-heading-title elementor-size-default\">Construction &amp; Care<\/h2>\t\t\t\t<\/div>\n\t\t\t\t<\/div>\n\t\t\t\t<div class=\"elementor-element elementor-element-98bc582 elementor-widget elementor-widget-text-editor\" data-id=\"98bc582\" data-element_type=\"widget\" data-widget_type=\"text-editor.default\">\n\t\t\t\t<div class=\"elementor-widget-container\">\n\t\t\t\t\t\t\t\t\t<p>Our experienced Team takes over the development of the technology locally. During the fair, we stand by you for technical Support. So your Event runs smoothly.<\/p>\t\t\t\t\t\t\t\t<\/div>\n\t\t\t\t<\/div>\n\t\t\t\t<\/div>\n\t\t\t\t<\/div>\n\t\t<div class=\"elementor-element elementor-element-970c456 e-con-full e-flex e-con e-parent\" data-id=\"970c456\" data-element_type=\"container\" data-settings=\"{&quot;background_background&quot;:&quot;classic&quot;}\">\n\t\t<div class=\"elementor-element elementor-element-1e6db3c e-con-full e-flex e-con e-child\" data-id=\"1e6db3c\" data-element_type=\"container\">\n\t\t\t\t<div class=\"elementor-element elementor-element-d8b5057 elementor-widget elementor-widget-heading\" data-id=\"d8b5057\" data-element_type=\"widget\" data-widget_type=\"heading.default\">\n\t\t\t\t<div class=\"elementor-widget-container\">\n\t\t\t\t\t<h2 class=\"elementor-heading-title elementor-size-default\">Complete solutions for exhibition stands<\/h2>\t\t\t\t<\/div>\n\t\t\t\t<\/div>\n\t\t\t\t<div class=\"elementor-element elementor-element-0d3b196 elementor-widget elementor-widget-text-editor\" data-id=\"0d3b196\" data-element_type=\"widget\" data-widget_type=\"text-editor.default\">\n\t\t\t\t<div class=\"elementor-widget-container\">\n\t\t\t\t\t\t\t\t\t<p data-start=\"330\" data-end=\"550\">A successful exhibition stand needs more than just a good Design. The correct <strong data-start=\"411\" data-end=\"442\">Messe-Event Technology<\/strong> ensure that your booth stands out, attracts visitors and your content will be professionally presented.<\/p><p data-start=\"552\" data-end=\"814\">With our <strong data-start=\"564\" data-end=\"600\">Complete solutions for exhibition stands<\/strong> you&#039;ll get all the technical components from a single source. We deliver the right technology for presentations, product launches, Interviews and Live-Streams, and ensure that everything is perfect together.<\/p>\t\t\t\t\t\t\t\t<\/div>\n\t\t\t\t<\/div>\n\t\t\t\t<\/div>\n\t\t<div class=\"elementor-element elementor-element-70c7905 e-con-full e-flex e-con e-child\" data-id=\"70c7905\" data-element_type=\"container\" data-settings=\"{&quot;background_background&quot;:&quot;slideshow&quot;,&quot;background_slideshow_gallery&quot;:[{&quot;id&quot;:1599,&quot;url&quot;:&quot;https:\\\/\\\/messe-veranstaltungstechnik.de\\\/wp-content\\\/uploads\\\/2026\\\/03\\\/IMG_9171.jpg&quot;}],&quot;background_slideshow_loop&quot;:&quot;yes&quot;,&quot;background_slideshow_slide_duration&quot;:5000,&quot;background_slideshow_slide_transition&quot;:&quot;fade&quot;,&quot;background_slideshow_transition_duration&quot;:500}\">\n\t\t\t\t<\/div>\n\t\t<div class=\"elementor-element elementor-element-10a3075 e-con-full e-flex e-con e-child\" data-id=\"10a3075\" data-element_type=\"container\">\n\t\t\t\t<div class=\"elementor-element elementor-element-a25d38b elementor-widget elementor-widget-text-editor\" data-id=\"a25d38b\" data-element_type=\"widget\" data-widget_type=\"text-editor.default\">\n\t\t\t\t<div class=\"elementor-widget-container\">\n\t\t\t\t\t\t\t\t\t<p data-start=\"552\" data-end=\"814\" style=\"font-style: normal; font-variant-ligatures: normal; font-variant-caps: normal; font-weight: 400; font-size: 16px; font-family: Roboto, &quot;Helvetica Neue&quot;, -apple-system, system-ui, BlinkMacSystemFont, &quot;Segoe UI&quot;, Oxygen-Sans, sans-serif;\">We take care not only of the technology itself, but also to&nbsp;<strong data-start=\"1259\" data-end=\"1315\">Delivery, installation, setup, and on-site support<\/strong>. So you can concentrate fully on your visitors and your Business.<\/p><p data-start=\"1400\" data-end=\"1623\" style=\"font-style: normal; font-variant-ligatures: normal; font-variant-caps: normal; font-weight: 400; font-size: 16px; font-family: Roboto, &quot;Helvetica Neue&quot;, -apple-system, system-ui, BlinkMacSystemFont, &quot;Segoe UI&quot;, Oxygen-Sans, sans-serif;\">Our solutions are suitable for&nbsp;<strong data-start=\"1432\" data-end=\"1496\">small presentation areas as well as large exhibition stands<\/strong>&nbsp;with LED Screens, stage or conference areas. Together, we plan the right technical equipment for your appearance.<\/p>\t\t\t\t\t\t\t\t<\/div>\n\t\t\t\t<\/div>\n\t\t\t\t<\/div>\n\t\t\t\t<\/div>\n\t\t\t\t<\/div>","protected":false},"excerpt":{"rendered":"<p>Mach deinen Messestand zum Blickfang! schnell, flexibel und professionell Mach deinen Messestand zum Blickfang! schnell, flexibel und professionell Official Preferred Partner der Mary Jane 2026 Professionelle Messe- und Veranstaltungstechnik&nbsp;f\u00fcr Aussteller der Mary Jane Berlin. Als Preferred Partner der Mary Jane Berlin 2026 bieten wir speziell auf diese Messe abgestimmte Technikl\u00f6sungen f\u00fcr Aussteller. Von LED-Screens \u00fcber [&hellip;]<\/p>","protected":false},"author":2,"featured_media":0,"parent":0,"menu_order":0,"comment_status":"closed","ping_status":"closed","template":"","meta":{"footnotes":""},"class_list":["post-1380","page","type-page","status-publish","hentry"],"_links":{"self":[{"href":"https:\/\/messe-veranstaltungstechnik.de\/en\/wp-json\/wp\/v2\/pages\/1380","targetHints":{"allow":["GET"]}}],"collection":[{"href":"https:\/\/messe-veranstaltungstechnik.de\/en\/wp-json\/wp\/v2\/pages"}],"about":[{"href":"https:\/\/messe-veranstaltungstechnik.de\/en\/wp-json\/wp\/v2\/types\/page"}],"author":[{"embeddable":true,"href":"https:\/\/messe-veranstaltungstechnik.de\/en\/wp-json\/wp\/v2\/users\/2"}],"replies":[{"embeddable":true,"href":"https:\/\/messe-veranstaltungstechnik.de\/en\/wp-json\/wp\/v2\/comments?post=1380"}],"version-history":[{"count":10,"href":"https:\/\/messe-veranstaltungstechnik.de\/en\/wp-json\/wp\/v2\/pages\/1380\/revisions"}],"predecessor-version":[{"id":1700,"href":"https:\/\/messe-veranstaltungstechnik.de\/en\/wp-json\/wp\/v2\/pages\/1380\/revisions\/1700"}],"wp:attachment":[{"href":"https:\/\/messe-veranstaltungstechnik.de\/en\/wp-json\/wp\/v2\/media?parent=1380"}],"curies":[{"name":"wp","href":"https:\/\/api.w.org\/{rel}","templated":true}]}}