{"id":1440,"date":"2026-03-05T17:31:25","date_gmt":"2026-03-05T16:31:25","guid":{"rendered":"https:\/\/messe-veranstaltungstechnik.de\/?page_id=1440"},"modified":"2026-03-13T16:31:54","modified_gmt":"2026-03-13T15:31:54","slug":"messe-auswahl","status":"publish","type":"page","link":"https:\/\/messe-veranstaltungstechnik.de\/en\/messe-auswahl\/","title":{"rendered":"messe-auswahl"},"content":{"rendered":"<div data-elementor-type=\"wp-page\" data-elementor-id=\"1440\" class=\"elementor elementor-1440\" data-elementor-post-type=\"page\">\n\t\t\t\t<div class=\"elementor-element elementor-element-62097828 e-con-full e-flex e-con e-parent\" data-id=\"62097828\" data-element_type=\"container\" data-settings=\"{&quot;background_background&quot;:&quot;slideshow&quot;,&quot;background_slideshow_gallery&quot;:[{&quot;id&quot;:1594,&quot;url&quot;:&quot;https:\\\/\\\/messe-veranstaltungstechnik.de\\\/wp-content\\\/uploads\\\/2026\\\/03\\\/A7401751-2-scaled.jpg&quot;}],&quot;background_slideshow_loop&quot;:&quot;yes&quot;,&quot;background_slideshow_slide_duration&quot;:5000,&quot;background_slideshow_slide_transition&quot;:&quot;fade&quot;,&quot;background_slideshow_transition_duration&quot;:500}\">\n\t\t\t\t<div class=\"elementor-element elementor-element-46670187 elementor-widget elementor-widget-heading\" data-id=\"46670187\" data-element_type=\"widget\" data-widget_type=\"heading.default\">\n\t\t\t\t<div class=\"elementor-widget-container\">\n\t\t\t\t\t<h2 class=\"elementor-heading-title elementor-size-default\">How it works<br>our Shop<\/h2>\t\t\t\t<\/div>\n\t\t\t\t<\/div>\n\t\t\t\t<\/div>\n\t\t<div class=\"elementor-element elementor-element-9db7fde e-con-full e-flex e-con e-parent\" data-id=\"9db7fde\" data-element_type=\"container\" data-settings=\"{&quot;background_background&quot;:&quot;classic&quot;}\">\n\t\t<div class=\"elementor-element elementor-element-7adaee0 e-con-full e-flex e-con e-child\" data-id=\"7adaee0\" data-element_type=\"container\">\n\t\t\t\t<div class=\"elementor-element elementor-element-31061c9 elementor-widget elementor-widget-heading\" data-id=\"31061c9\" data-element_type=\"widget\" data-widget_type=\"heading.default\">\n\t\t\t\t<div class=\"elementor-widget-container\">\n\t\t\t\t\t<h2 class=\"elementor-heading-title elementor-size-default\">FAIR-SHOP\/\/<br>Daily rent<\/h2>\t\t\t\t<\/div>\n\t\t\t\t<\/div>\n\t\t\t\t<\/div>\n\t\t<div class=\"elementor-element elementor-element-0d8683a e-con-full e-flex e-con e-child\" data-id=\"0d8683a\" data-element_type=\"container\">\n\t\t\t\t<div class=\"elementor-element elementor-element-63dfb44 elementor-widget elementor-widget-text-editor\" data-id=\"63dfb44\" data-element_type=\"widget\" data-widget_type=\"text-editor.default\">\n\t\t\t\t<div class=\"elementor-widget-container\">\n\t\t\t\t\t\t\t\t\t<p data-start=\"191\" data-end=\"479\"><strong data-start=\"191\" data-end=\"208\">Fair-Shop<\/strong><br data-start=\"208\" data-end=\"211\" \/>If you need any technology for a particular trade show, you must then choose the appropriate fair. The rental and prices are already tuned to the entire exhibition period. So you have to select a period of time \u2013 everything is automatically matched to the fair.<\/p>\t\t\t\t\t\t\t\t<\/div>\n\t\t\t\t<\/div>\n\t\t\t\t<\/div>\n\t\t<div class=\"elementor-element elementor-element-1e7d812 e-con-full e-flex e-con e-child\" data-id=\"1e7d812\" data-element_type=\"container\">\n\t\t\t\t<div class=\"elementor-element elementor-element-65329ba elementor-widget elementor-widget-text-editor\" data-id=\"65329ba\" data-element_type=\"widget\" data-widget_type=\"text-editor.default\">\n\t\t\t\t<div class=\"elementor-widget-container\">\n\t\t\t\t\t\t\t\t\t<p data-start=\"191\" data-end=\"479\"><span style=\"background-color: transparent;\" data-start=\"481\" data-end=\"517\"><b>General Rent (Daily Rental)<br \/><\/b><\/span>If you rent a technique independent of a trade show, you can the equipment to the normal daily rental rate book. In this case, you select in the order process easy for your desired rental period.<\/p>\t\t\t\t\t\t\t\t<\/div>\n\t\t\t\t<\/div>\n\t\t\t\t<\/div>\n\t\t<div class=\"elementor-element elementor-element-cccc208 e-con-full e-flex e-con e-child\" data-id=\"cccc208\" data-element_type=\"container\">\n\t\t\t\t<div class=\"elementor-element elementor-element-7854cb5 elementor-widget elementor-widget-image\" data-id=\"7854cb5\" data-element_type=\"widget\" data-widget_type=\"image.default\">\n\t\t\t\t<div class=\"elementor-widget-container\">\n\t\t\t\t\t\t\t\t\t\t\t\t\t\t\t\t<a href=\"https:\/\/messe-veranstaltungstechnik.de\/en\/shop\/?messe=fof\">\n\t\t\t\t\t\t\t<img fetchpriority=\"high\" decoding=\"async\" width=\"840\" height=\"840\" src=\"https:\/\/messe-veranstaltungstechnik.de\/wp-content\/themes\/rehub-theme\/images\/default\/blank.gif\" data-src=\"https:\/\/messe-veranstaltungstechnik.de\/wp-content\/uploads\/2026\/03\/Future-of-Festivals-1024x1024.png\" class=\"lazyload attachment-large size-large wp-image-1501\" alt=\"\" srcset=\"https:\/\/messe-veranstaltungstechnik.de\/wp-content\/uploads\/2026\/03\/Future-of-Festivals-1024x1024.png 1024w, https:\/\/messe-veranstaltungstechnik.de\/wp-content\/uploads\/2026\/03\/Future-of-Festivals-300x300.png 300w, https:\/\/messe-veranstaltungstechnik.de\/wp-content\/uploads\/2026\/03\/Future-of-Festivals-150x150.png 150w, https:\/\/messe-veranstaltungstechnik.de\/wp-content\/uploads\/2026\/03\/Future-of-Festivals-768x768.png 768w, https:\/\/messe-veranstaltungstechnik.de\/wp-content\/uploads\/2026\/03\/Future-of-Festivals-1536x1536.png 1536w, https:\/\/messe-veranstaltungstechnik.de\/wp-content\/uploads\/2026\/03\/Future-of-Festivals-2048x2048.png 2048w, https:\/\/messe-veranstaltungstechnik.de\/wp-content\/uploads\/2026\/03\/Future-of-Festivals-788x788.png 788w, https:\/\/messe-veranstaltungstechnik.de\/wp-content\/uploads\/2026\/03\/Future-of-Festivals-600x600.png 600w, https:\/\/messe-veranstaltungstechnik.de\/wp-content\/uploads\/2026\/03\/Future-of-Festivals-100x100.png 100w, https:\/\/messe-veranstaltungstechnik.de\/wp-content\/uploads\/2026\/03\/Future-of-Festivals.png 500w\" sizes=\"(max-width: 840px) 100vw, 840px\" \/>\t\t\t\t\t\t\t\t<\/a>\n\t\t\t\t\t\t\t\t\t\t\t\t\t\t\t<\/div>\n\t\t\t\t<\/div>\n\t\t\t\t<\/div>\n\t\t<div class=\"elementor-element elementor-element-d584ce6 e-con-full e-flex e-con e-child\" data-id=\"d584ce6\" data-element_type=\"container\">\n\t\t\t\t<div class=\"elementor-element elementor-element-dde8b6d elementor-widget elementor-widget-image\" data-id=\"dde8b6d\" data-element_type=\"widget\" data-widget_type=\"image.default\">\n\t\t\t\t<div class=\"elementor-widget-container\">\n\t\t\t\t\t\t\t\t\t\t\t\t\t\t\t\t<a href=\"https:\/\/messe-veranstaltungstechnik.de\/en\/shop\/?messe=maryjane2026\">\n\t\t\t\t\t\t\t<img decoding=\"async\" width=\"840\" height=\"840\" src=\"https:\/\/messe-veranstaltungstechnik.de\/wp-content\/themes\/rehub-theme\/images\/default\/blank.gif\" data-src=\"https:\/\/messe-veranstaltungstechnik.de\/wp-content\/uploads\/2026\/03\/mary-jane2-1024x1024.png\" class=\"lazyload attachment-large size-large wp-image-1495\" alt=\"\" srcset=\"https:\/\/messe-veranstaltungstechnik.de\/wp-content\/uploads\/2026\/03\/mary-jane2-1024x1024.png 1024w, https:\/\/messe-veranstaltungstechnik.de\/wp-content\/uploads\/2026\/03\/mary-jane2-300x300.png 300w, https:\/\/messe-veranstaltungstechnik.de\/wp-content\/uploads\/2026\/03\/mary-jane2-150x150.png 150w, https:\/\/messe-veranstaltungstechnik.de\/wp-content\/uploads\/2026\/03\/mary-jane2-768x768.png 768w, https:\/\/messe-veranstaltungstechnik.de\/wp-content\/uploads\/2026\/03\/mary-jane2-1536x1536.png 1536w, https:\/\/messe-veranstaltungstechnik.de\/wp-content\/uploads\/2026\/03\/mary-jane2-2048x2048.png 2048w, https:\/\/messe-veranstaltungstechnik.de\/wp-content\/uploads\/2026\/03\/mary-jane2-788x788.png 788w, https:\/\/messe-veranstaltungstechnik.de\/wp-content\/uploads\/2026\/03\/mary-jane2-600x600.png 600w, https:\/\/messe-veranstaltungstechnik.de\/wp-content\/uploads\/2026\/03\/mary-jane2-100x100.png 100w, https:\/\/messe-veranstaltungstechnik.de\/wp-content\/uploads\/2026\/03\/mary-jane2.png 512w\" sizes=\"(max-width: 840px) 100vw, 840px\" \/>\t\t\t\t\t\t\t\t<\/a>\n\t\t\t\t\t\t\t\t\t\t\t\t\t\t\t<\/div>\n\t\t\t\t<\/div>\n\t\t\t\t<\/div>\n\t\t<div class=\"elementor-element elementor-element-1bae75e e-con-full e-flex e-con e-child\" data-id=\"1bae75e\" data-element_type=\"container\">\n\t\t\t\t<div class=\"elementor-element elementor-element-14d5cac elementor-widget elementor-widget-image\" data-id=\"14d5cac\" data-element_type=\"widget\" data-widget_type=\"image.default\">\n\t\t\t\t<div class=\"elementor-widget-container\">\n\t\t\t\t\t\t\t\t\t\t\t\t\t\t\t\t<a href=\"https:\/\/messe-veranstaltungstechnik.de\/en\/shop\/?messe=standard\">\n\t\t\t\t\t\t\t<img decoding=\"async\" width=\"840\" height=\"840\" src=\"https:\/\/messe-veranstaltungstechnik.de\/wp-content\/themes\/rehub-theme\/images\/default\/blank.gif\" data-src=\"https:\/\/messe-veranstaltungstechnik.de\/wp-content\/uploads\/2026\/03\/Unbenannt-1-1024x1024.jpg\" class=\"lazyload attachment-large size-large wp-image-1727\" alt=\"\" srcset=\"https:\/\/messe-veranstaltungstechnik.de\/wp-content\/uploads\/2026\/03\/Unbenannt-1-1024x1024.jpg 1024w, https:\/\/messe-veranstaltungstechnik.de\/wp-content\/uploads\/2026\/03\/Unbenannt-1-300x300.jpg 300w, https:\/\/messe-veranstaltungstechnik.de\/wp-content\/uploads\/2026\/03\/Unbenannt-1-150x150.jpg 150w, https:\/\/messe-veranstaltungstechnik.de\/wp-content\/uploads\/2026\/03\/Unbenannt-1-768x768.jpg 768w, https:\/\/messe-veranstaltungstechnik.de\/wp-content\/uploads\/2026\/03\/Unbenannt-1-1536x1536.jpg 1536w, https:\/\/messe-veranstaltungstechnik.de\/wp-content\/uploads\/2026\/03\/Unbenannt-1-2048x2048.jpg 2048w, https:\/\/messe-veranstaltungstechnik.de\/wp-content\/uploads\/2026\/03\/Unbenannt-1-788x788.jpg 788w, https:\/\/messe-veranstaltungstechnik.de\/wp-content\/uploads\/2026\/03\/Unbenannt-1-600x600.jpg 600w, https:\/\/messe-veranstaltungstechnik.de\/wp-content\/uploads\/2026\/03\/Unbenannt-1-100x100.jpg 100w, https:\/\/messe-veranstaltungstechnik.de\/wp-content\/uploads\/2026\/03\/Unbenannt-1.jpg 512w\" sizes=\"(max-width: 840px) 100vw, 840px\" \/>\t\t\t\t\t\t\t\t<\/a>\n\t\t\t\t\t\t\t\t\t\t\t\t\t\t\t<\/div>\n\t\t\t\t<\/div>\n\t\t\t\t<\/div>\n\t\t\t\t<\/div>\n\t\t\t\t<\/div>","protected":false},"excerpt":{"rendered":"<p>So funktioniertunser Shop MESSE-SHOP\/\/TAGESMIETE Messe-ShopWenn du Technik f\u00fcr eine bestimmte Messe ben\u00f6tigst, w\u00e4hlst du zuerst die entsprechende Messe aus. Die Mietdauer und Preise sind bereits auf den gesamten Messezeitraum abgestimmt. Du musst also keinen Zeitraum ausw\u00e4hlen \u2013 alles ist automatisch auf die Messe abgestimmt. Allgemeine Miete (Tagesmiete)Wenn du Technik unabh\u00e4ngig von einer Messe mieten m\u00f6chtest, [&hellip;]<\/p>","protected":false},"author":2,"featured_media":0,"parent":0,"menu_order":0,"comment_status":"closed","ping_status":"closed","template":"","meta":{"footnotes":""},"class_list":["post-1440","page","type-page","status-publish","hentry"],"_links":{"self":[{"href":"https:\/\/messe-veranstaltungstechnik.de\/en\/wp-json\/wp\/v2\/pages\/1440","targetHints":{"allow":["GET"]}}],"collection":[{"href":"https:\/\/messe-veranstaltungstechnik.de\/en\/wp-json\/wp\/v2\/pages"}],"about":[{"href":"https:\/\/messe-veranstaltungstechnik.de\/en\/wp-json\/wp\/v2\/types\/page"}],"author":[{"embeddable":true,"href":"https:\/\/messe-veranstaltungstechnik.de\/en\/wp-json\/wp\/v2\/users\/2"}],"replies":[{"embeddable":true,"href":"https:\/\/messe-veranstaltungstechnik.de\/en\/wp-json\/wp\/v2\/comments?post=1440"}],"version-history":[{"count":10,"href":"https:\/\/messe-veranstaltungstechnik.de\/en\/wp-json\/wp\/v2\/pages\/1440\/revisions"}],"predecessor-version":[{"id":1754,"href":"https:\/\/messe-veranstaltungstechnik.de\/en\/wp-json\/wp\/v2\/pages\/1440\/revisions\/1754"}],"wp:attachment":[{"href":"https:\/\/messe-veranstaltungstechnik.de\/en\/wp-json\/wp\/v2\/media?parent=1440"}],"curies":[{"name":"wp","href":"https:\/\/api.w.org\/{rel}","templated":true}]}}